{"id":70,"date":"2024-05-01T00:01:44","date_gmt":"2024-04-30T22:01:44","guid":{"rendered":"http:\/\/oshinewptheme.com\/v48\/?page_id=68"},"modified":"2024-06-30T00:16:48","modified_gmt":"2024-06-29T22:16:48","slug":"kontakt","status":"publish","type":"page","link":"https:\/\/olga.gielzak.eu\/index.php\/kontakt\/","title":{"rendered":"Kontakt"},"content":{"rendered":"<div  class=\"tatsu-g3g4uxsguo1e0qss tatsu-section    tatsu-clearfix\" data-title=\"\"  data-headerscheme=\"background--light\"><div class='tatsu-section-pad clearfix' data-padding='{\"d\":\"0px 0px 0px 0px\"}' data-padding-top='0px'><div class=\"tatsu-row-wrap  tatsu-row-full-width tatsu-row-has-one-half tatsu-row-has-two-cols tatsu-no-gutter tatsu-eq-cols tatsu-fullscreen-cols  tatsu-clearfix tatsu-g3g4uxsgyz67yfrp\" ><div  class=\"tatsu-row \" ><div  class=\"tatsu-column  tatsu-column-empty tatsu-one-half tatsu-column-image-none tatsu-column-effect-none  tatsu-g3g4uxsh71btfohr\"  data-parallax-speed=\"0\" style=\"\"><div class=\"tatsu-column-inner \" ><div class=\"tatsu-column-pad-wrap\"><div class=\"tatsu-column-pad\" ><\/div><\/div><div class = \"tatsu-column-bg-image-wrap\"><div class = \"tatsu-column-bg-image\" ><\/div><\/div><div class = \"tatsu-shape-divider tatsu-right-divider tatsu-invert-divider\"><?xml version=\"1.0\" encoding=\"UTF-8\"?>\n<svg preserveAspectRatio=\"none\" width=\"120px\" height=\"1080px\" viewBox=\"0 0 120 1080\" version=\"1.1\" xmlns=\"http:\/\/www.w3.org\/2000\/svg\" xmlns:xlink=\"http:\/\/www.w3.org\/1999\/xlink\">\n    <g stroke=\"none\" stroke-width=\"1\" fill-rule=\"evenodd\">\n        <g transform=\"translate(60.000000, 540.000000) scale(-1, 1) translate(-60.000000, -540.000000) \" fill-rule=\"nonzero\">\n            <path d=\"M-480,524.661375 C-310.971088,584.209874 -130.971088,584.209874 60,524.661375 C250.97109,465.112875 430.97109,465.112875 600,524.661375 L600,600 L-480,600 L-480,524.661375 Z\" transform=\"translate(60.000000, 540.000000) rotate(90.000000) translate(-60.000000, -540.000000) \"><\/path>\n        <\/g>\n    <\/g>\n<\/svg><\/div><\/div><style>.tatsu-row > .tatsu-g3g4uxsh71btfohr.tatsu-column{width: 52%;}.tatsu-g3g4uxsh71btfohr.tatsu-column > .tatsu-column-inner > .tatsu-column-bg-image-wrap > .tatsu-column-bg-image{background-image: url(https:\/\/olga.gielzak.eu\/wp-content\/uploads\/2024\/06\/DSC0248-2-scaled.jpg);background-repeat: no-repeat;background-attachment: scroll;background-position: center center;background-size: cover;}.tatsu-g3g4uxsh71btfohr.tatsu-column > .tatsu-column-inner > .tatsu-bg-blur{background-repeat: no-repeat;background-attachment: scroll;background-position: center center;background-size: cover;}.tatsu-g3g4uxsh71btfohr.tatsu-column > .tatsu-column-inner > .tatsu-column-overlay{mix-blend-mode: none;}.tatsu-g3g4uxsh71btfohr .tatsu-right-divider{width: 80px;color: #ffffff ;}.tatsu-g3g4uxsh71btfohr > .tatsu-column-inner > .tatsu-top-divider{z-index: 9999;}.tatsu-g3g4uxsh71btfohr > .tatsu-column-inner > .tatsu-bottom-divider{z-index: 9999;}.tatsu-g3g4uxsh71btfohr > .tatsu-column-inner > .tatsu-left-divider{z-index: 9999;}.tatsu-g3g4uxsh71btfohr > .tatsu-column-inner > .tatsu-right-divider{z-index: 9999;}@media only screen and (min-width:768px) and (max-width: 1024px) {.tatsu-row > .tatsu-g3g4uxsh71btfohr.tatsu-column{width: 100%;}.tatsu-g3g4uxsh71btfohr.tatsu-column > .tatsu-column-inner > .tatsu-column-pad-wrap > .tatsu-column-pad{padding: 200px 0px 200px 0px;}.tatsu-g3g4uxsh71btfohr.tatsu-column{margin: 0px 0px 0px 0px !important;}.tatsu-g3g4uxsh71btfohr .tatsu-right-divider{width: 1px;}}@media only screen and (max-width: 767px) {.tatsu-row > .tatsu-g3g4uxsh71btfohr.tatsu-column{width: 100%;}.tatsu-g3g4uxsh71btfohr.tatsu-column > .tatsu-column-inner > .tatsu-column-pad-wrap > .tatsu-column-pad{padding: 200px 0px 200px 0px;}.tatsu-g3g4uxsh71btfohr .tatsu-right-divider{width: 1px;}}<\/style><\/div><div  class=\"tatsu-column  tatsu-one-half tatsu-column-align-middle tatsu-column-image-none tatsu-column-effect-none  tatsu-g3g4uxshcf63ziaq\"  data-parallax-speed=\"0\" style=\"\"><div class=\"tatsu-column-inner \" ><div class=\"tatsu-column-pad-wrap\"><div class=\"tatsu-column-pad\" ><div  class=\"tatsu-module tatsu-inline-text clearfix tatsu-g3g4uxshfvdk62m8   \" ><style>.tatsu-g3g4uxshfvdk62m8 .tatsu-inline-text-inner{width: 100%;text-align: left;}.tatsu-g3g4uxshfvdk62m8.tatsu-inline-text{margin: 35px 0px 5px 0px;}@media only screen and (max-width: 767px) {.tatsu-g3g4uxshfvdk62m8 .tatsu-inline-text-inner{width: 100%;}}<\/style><div class=\"tatsu-inline-text-inner tatsu-align-center\">\n<h1>Kontakt<\/h1>\n<\/div><\/div><div  class=\"tatsu-module tatsu-inline-text clearfix tatsu-HJTd1dK6V   \" ><style>.tatsu-HJTd1dK6V .tatsu-inline-text-inner{width: 100%;text-align: left;}.tatsu-HJTd1dK6V.tatsu-inline-text{margin: 0px 0px 5px 0px;}@media only screen and (max-width: 767px) {.tatsu-HJTd1dK6V .tatsu-inline-text-inner{width: 100%;}}<\/style><div class=\"tatsu-inline-text-inner tatsu-align-center\">\n<p style=\"text-align: justify;\">Je\u015bli masz pytania, chcesz si\u0119 um\u00f3wi\u0107 na sesje &#8211; napisz lub zadzwo\u0144 do mnie. Ch\u0119tnie z Tob\u0105 porozmawiam.<\/p>\n<\/div><\/div><div  class=\"tatsu-module tatsu-text-block-wrap tatsu-Hkgrcx470  \"><div class=\"tatsu-text-inner tatsu-align-center  clearfix\" ><style>.tatsu-Hkgrcx470.tatsu-text-block-wrap .tatsu-text-inner{width: 100%;text-align: center;background-color: rgba(244,244,244,1);}.tatsu-Hkgrcx470.tatsu-text-block-wrap{margin: 0px 0px 10px 0px;}.tatsu-Hkgrcx470.tatsu-text-block-wrap .tatsu-text-inner *{font-family : \"Karla\",-apple-system,BlinkMacSystemFont,'Segoe UI',Roboto,Oxygen-Sans,Ubuntu,Cantarell,'Helvetica Neue',sans-serif;}<\/style>\n<p style=\"text-align: center;\">kontakt@olga.gielzak.eu<br \/>+48 609-281-690\u00a0<br \/><strong>BYDGOSZCZ<\/strong><\/p>\n<\/div><\/div>        <div  class = \"tatsu-wp-forms tatsu-module  tatsu-rkIo_LjmR \" >\r\n            <style>.tatsu-rkIo_LjmR{border-width: 0px 0px 0px 0px;border-style: solid;}<\/style>            <div class = \"tatsu-wp-forms-inner tatsu-wp-form-rounded tatsu-wp-form-submit-rounded\">\r\n                <style id=\"wpforms-css-vars-3029\">\n\t\t\t\t#wpforms-3029 {\n\t\t\t\t\n\t\t\t}\n\t\t\t<\/style><div class=\"wpforms-container wpforms-container-full wpforms-render-modern\" id=\"wpforms-3029\"><form id=\"wpforms-form-3029\" class=\"wpforms-validate wpforms-form wpforms-ajax-form\" data-formid=\"3029\" method=\"post\" enctype=\"multipart\/form-data\" action=\"\/index.php\/wp-json\/wp\/v2\/pages\/70\" data-token=\"ac686ff04e8c2e0e55b8279d62c8efae\" data-token-time=\"1776350959\"><noscript class=\"wpforms-error-noscript\">Aby wype\u0142ni\u0107 ten formularz, w\u0142\u0105cz obs\u0142ug\u0119 JavaScript w przegl\u0105darce.<\/noscript><div id=\"wpforms-error-noscript\" style=\"display: none;\">Aby wype\u0142ni\u0107 ten formularz, w\u0142\u0105cz obs\u0142ug\u0119 JavaScript w przegl\u0105darce.<\/div><div class=\"wpforms-field-container\"><div id=\"wpforms-3029-field_0-container\" class=\"wpforms-field wpforms-field-name\" data-field-id=\"0\"><label class=\"wpforms-field-label\" for=\"wpforms-3029-field_0\">Imi\u0119 i nazwisko <span class=\"wpforms-required-label\" aria-hidden=\"true\">*<\/span><\/label><input type=\"text\" id=\"wpforms-3029-field_0\" class=\"wpforms-field-medium wpforms-field-required\" name=\"wpforms[fields][0]\" aria-errormessage=\"wpforms-3029-field_0-error\" required><\/div><div id=\"wpforms-3029-field_1-container\" class=\"wpforms-field wpforms-field-email\" data-field-id=\"1\"><label class=\"wpforms-field-label\" for=\"wpforms-3029-field_1\">Adres e-mail <span class=\"wpforms-required-label\" aria-hidden=\"true\">*<\/span><\/label><input type=\"email\" id=\"wpforms-3029-field_1\" class=\"wpforms-field-medium wpforms-field-required\" name=\"wpforms[fields][1]\" spellcheck=\"false\" aria-errormessage=\"wpforms-3029-field_1-error\" required><\/div><div id=\"wpforms-3029-field_2-container\" class=\"wpforms-field wpforms-field-textarea\" data-field-id=\"2\"><label class=\"wpforms-field-label\" for=\"wpforms-3029-field_2\">Wiadomo\u015b\u0107<\/label><textarea id=\"wpforms-3029-field_2\" class=\"wpforms-field-medium\" name=\"wpforms[fields][2]\" aria-errormessage=\"wpforms-3029-field_2-error\" ><\/textarea><\/div><\/div><!-- .wpforms-field-container --><div class=\"wpforms-submit-container\" ><input type=\"hidden\" name=\"wpforms[id]\" value=\"3029\"><input type=\"hidden\" name=\"page_title\" value=\"\"><input type=\"hidden\" name=\"page_url\" value=\"https:\/\/olga.gielzak.eu\/index.php\/wp-json\/wp\/v2\/pages\/70\"><input type=\"hidden\" name=\"url_referer\" value=\"\"><button type=\"submit\" name=\"wpforms[submit]\" id=\"wpforms-submit-3029\" class=\"wpforms-submit\" data-alt-text=\"Wysy\u0142anie...\" data-submit-text=\"Prze\u015blij\" aria-live=\"assertive\" value=\"wpforms-submit\">Prze\u015blij<\/button><img loading=\"lazy\" decoding=\"async\" src=\"https:\/\/olga.gielzak.eu\/wp-content\/plugins\/wpforms-lite\/assets\/images\/submit-spin.svg\" class=\"wpforms-submit-spinner\" style=\"display: none;\" width=\"26\" height=\"26\" alt=\"Wczytywanie\"><\/div><\/form><\/div>  <!-- .wpforms-container -->            <\/div>\r\n        <\/div>\r\n<\/div><\/div><div class = \"tatsu-column-bg-image-wrap\"><div class = \"tatsu-column-bg-image\" ><\/div><\/div><\/div><style>.tatsu-row > .tatsu-g3g4uxshcf63ziaq.tatsu-column{width: 48%;}.tatsu-g3g4uxshcf63ziaq.tatsu-column > .tatsu-column-inner{background-color: rgba(255,255,255,1);}.tatsu-g3g4uxshcf63ziaq.tatsu-column > .tatsu-column-inner > .tatsu-column-pad-wrap > .tatsu-column-pad{padding: 0px 20% 0px 10%;}.tatsu-g3g4uxshcf63ziaq.tatsu-column{margin: 0px 0px 0px 0px !important;}.tatsu-g3g4uxshcf63ziaq.tatsu-column > .tatsu-column-inner > .tatsu-column-overlay{mix-blend-mode: none;}.tatsu-g3g4uxshcf63ziaq > .tatsu-column-inner > .tatsu-top-divider{z-index: 9999;}.tatsu-g3g4uxshcf63ziaq > .tatsu-column-inner > .tatsu-bottom-divider{z-index: 9999;}.tatsu-g3g4uxshcf63ziaq > .tatsu-column-inner > .tatsu-left-divider{z-index: 9999;}.tatsu-g3g4uxshcf63ziaq > .tatsu-column-inner > .tatsu-right-divider{z-index: 9999;}@media only screen and (max-width:1377px) {.tatsu-g3g4uxshcf63ziaq.tatsu-column > .tatsu-column-inner > .tatsu-column-pad-wrap > .tatsu-column-pad{padding: 0px 10% 0px 10%;}}@media only screen and (min-width:768px) and (max-width: 1024px) {.tatsu-row > .tatsu-g3g4uxshcf63ziaq.tatsu-column{width: 100%;}.tatsu-g3g4uxshcf63ziaq.tatsu-column > .tatsu-column-inner > .tatsu-column-pad-wrap > .tatsu-column-pad{padding: 70px 10% 70px 10%;}}@media only screen and (max-width: 767px) {.tatsu-row > .tatsu-g3g4uxshcf63ziaq.tatsu-column{width: 100%;}.tatsu-g3g4uxshcf63ziaq.tatsu-column > .tatsu-column-inner > .tatsu-column-pad-wrap > .tatsu-column-pad{padding: 70px 20px 70px 20px;}}<\/style><\/div><\/div><\/div><\/div><div class=\"tatsu-section-background-wrap\"><div class = \"tatsu-section-background\" ><\/div><\/div><style>.tatsu-g3g4uxsguo1e0qss{border-width: 0px 0px px 0px;border-style: solid;}.tatsu-g3g4uxsguo1e0qss > .tatsu-bottom-divider{z-index: 9999;}.tatsu-g3g4uxsguo1e0qss > .tatsu-top-divider{z-index: 9999;}<\/style><\/div>\n","protected":false},"excerpt":{"rendered":"<p><a href=\"https:\/\/olga.gielzak.eu\/index.php\/kontakt\/\" class=\"more-link style2-button\">Read More<\/a><\/p>","protected":false},"author":2,"featured_media":0,"parent":0,"menu_order":0,"comment_status":"closed","ping_status":"closed","template":"","meta":{"footnotes":""},"class_list":["post-70","page","type-page","status-publish","hentry"],"_links":{"self":[{"href":"https:\/\/olga.gielzak.eu\/index.php\/wp-json\/wp\/v2\/pages\/70","targetHints":{"allow":["GET"]}}],"collection":[{"href":"https:\/\/olga.gielzak.eu\/index.php\/wp-json\/wp\/v2\/pages"}],"about":[{"href":"https:\/\/olga.gielzak.eu\/index.php\/wp-json\/wp\/v2\/types\/page"}],"author":[{"embeddable":true,"href":"https:\/\/olga.gielzak.eu\/index.php\/wp-json\/wp\/v2\/users\/2"}],"replies":[{"embeddable":true,"href":"https:\/\/olga.gielzak.eu\/index.php\/wp-json\/wp\/v2\/comments?post=70"}],"version-history":[{"count":20,"href":"https:\/\/olga.gielzak.eu\/index.php\/wp-json\/wp\/v2\/pages\/70\/revisions"}],"predecessor-version":[{"id":3246,"href":"https:\/\/olga.gielzak.eu\/index.php\/wp-json\/wp\/v2\/pages\/70\/revisions\/3246"}],"wp:attachment":[{"href":"https:\/\/olga.gielzak.eu\/index.php\/wp-json\/wp\/v2\/media?parent=70"}],"curies":[{"name":"wp","href":"https:\/\/api.w.org\/{rel}","templated":true}]}}